{"id":621,"date":"2017-10-13T10:07:33","date_gmt":"2017-10-13T08:07:33","guid":{"rendered":"http:\/\/tincotheek.nl\/?post_type=product&#038;p=621"},"modified":"2026-03-07T17:20:51","modified_gmt":"2026-03-07T16:20:51","slug":"formule-luo-mai","status":"publish","type":"product","link":"https:\/\/tincotheek.nl\/fr\/product\/formule-luo-mai\/","title":{"rendered":"Formule Luo Mai"},"content":{"rendered":"<p>&nbsp;<\/p>\n<p style=\"text-align: left;\"><em>Teinture \u00e0 base de plantes qui \u00e9limine la stagnation dans les voies collat\u00e9rales.<\/em><\/p>\n<p style=\"text-align: left;\"><strong>Composition \u00e0 base de plantes : <\/strong>Chi Chao, Chen Pi, Fu Ling, Dang Gui, Dan Shen, Mu Dan Pi, Shan Zha.<\/p>\n<p>&nbsp;<\/p>","protected":false},"excerpt":{"rendered":"<p style=\"text-align: left;\"><em>Teinture \u00e0 base de plantes qui \u00e9limine la stagnation dans les voies collat\u00e9rales.<\/em><\/p>","protected":false},"featured_media":5509,"template":"","meta":{"_acf_changed":false},"product_brand":[],"product_cat":[10],"product_tag":[],"class_list":{"0":"post-621","1":"product","2":"type-product","3":"status-publish","4":"has-post-thumbnail","6":"product_cat-formula","8":"first","9":"instock","10":"taxable","11":"shipping-taxable","12":"purchasable","13":"product-type-simple"},"acf":[],"_links":{"self":[{"href":"https:\/\/tincotheek.nl\/fr\/wp-json\/wp\/v2\/product\/621","targetHints":{"allow":["GET"]}}],"collection":[{"href":"https:\/\/tincotheek.nl\/fr\/wp-json\/wp\/v2\/product"}],"about":[{"href":"https:\/\/tincotheek.nl\/fr\/wp-json\/wp\/v2\/types\/product"}],"wp:featuredmedia":[{"embeddable":true,"href":"https:\/\/tincotheek.nl\/fr\/wp-json\/wp\/v2\/media\/5509"}],"wp:attachment":[{"href":"https:\/\/tincotheek.nl\/fr\/wp-json\/wp\/v2\/media?parent=621"}],"wp:term":[{"taxonomy":"product_brand","embeddable":true,"href":"https:\/\/tincotheek.nl\/fr\/wp-json\/wp\/v2\/product_brand?post=621"},{"taxonomy":"product_cat","embeddable":true,"href":"https:\/\/tincotheek.nl\/fr\/wp-json\/wp\/v2\/product_cat?post=621"},{"taxonomy":"product_tag","embeddable":true,"href":"https:\/\/tincotheek.nl\/fr\/wp-json\/wp\/v2\/product_tag?post=621"}],"curies":[{"name":"wp","href":"https:\/\/api.w.org\/{rel}","templated":true}]}}