{"id":5181,"date":"2023-09-15T13:47:15","date_gmt":"2023-09-15T11:47:15","guid":{"rendered":"https:\/\/tincotheek.nl\/?post_type=product&#038;p=5181"},"modified":"2026-03-02T20:04:03","modified_gmt":"2026-03-02T19:04:03","slug":"formule-eliminatoire-des-gaz-2","status":"publish","type":"product","link":"https:\/\/tincotheek.nl\/fr\/product\/formule-eliminatoire-des-gaz-2\/","title":{"rendered":"Formule d&#039;\u00e9limination du vent (Formule Xiao Feng San) *"},"content":{"rendered":"<p>&nbsp;<\/p>\n<p style=\"text-align: left;\"><strong>Composition \u00e0 base de plantes : <\/strong>Jing Jie, Fang Feng, Chan Tui, Niu Bang Zi, Ku Shen, Mu Tong, Cang Zhu, Sheng di Huang, Shi Gao, Zhi Mu, Dang Gui, Hei Zhi Ma, Gan Cao.<\/p>\n<p style=\"text-align: left;\"><strong>\u00a0<\/strong><\/p>\n<p style=\"text-align: left;\"><em>Teinture \u00e0 base de plantes qui chasse le vent, \u00e9limine l&#039;humidit\u00e9, dissipe la chaleur, rafra\u00eechit le sang, nourrit le sang et soulage les d\u00e9mangeaisons.<\/em><\/p>\n<p style=\"text-align: left;\"><strong>Cette formule se compose de 13 herbes :<\/strong><\/p>\n<ul style=\"text-align: left;\">\n<li><strong>JingJie\u00a0: <\/strong>lib\u00e8re l&#039;ext\u00e9rieur, chasse le vent et soulage les d\u00e9mangeaisons.<\/li>\n<li><strong>Fang Feng :<\/strong> Lib\u00e8re l&#039;ext\u00e9rieur, fait circuler le Qi, dissipe le vent, le froid et l&#039;humidit\u00e9 et soulage la douleur.<\/li>\n<li><strong>Niu Bang Zi\u00a0:<\/strong> Dissipe la chaleur du vent, apaise la gorge, \u00e9limine la chaleur interne.<\/li>\n<li><strong>Chan Tui\u00a0:<\/strong> Expulse le vent, dissipe la chaleur interne et combat les \u00e9ruptions cutan\u00e9es.<\/li>\n<li><strong>Cang Zu\u00a0: <\/strong>ass\u00e8che l&#039;humidit\u00e9 et dissipe l&#039;humidit\u00e9 du vent<\/li>\n<li><strong>Ku Shen :<\/strong> \u00c9limine la chaleur, ass\u00e8che l&#039;humidit\u00e9, chasse le vent et calme les d\u00e9mangeaisons<\/li>\n<li><strong>Mu Tong\u00a0:<\/strong> S\u00e9chage par vapeur et chaleur<\/li>\n<li><strong>Shi Gao\u00a0:<\/strong> \u00c9limine la chaleur, dissipe le feu et gu\u00e9rit les \u00e9ruptions cutan\u00e9es.<\/li>\n<li><strong>Zhi Mu\u00a0:<\/strong> Dissipe la chaleur, dissipe le feu, nourrit et hydrate la s\u00e9cheresse.<\/li>\n<li><strong>Sheng di Huang\u00a0:<\/strong> Rafra\u00eechit le sang et dissipe la chaleur<\/li>\n<li><strong>Dan Gui\u00a0:<\/strong> nourrit et revitalise le sang.<\/li>\n<li><strong>Hei Zhi Ma (ou Huo Ma Ren)\u00a0:<\/strong> Nourrit le Yin et le Sang.<\/li>\n<li><strong>Gan Cao :<\/strong> Elle dissipe la chaleur, \u00e9limine les toxines et apaise et harmonise l&#039;action des autres plantes.<\/li>\n<\/ul>\n<p>&nbsp;<\/p>\n<p style=\"text-align: left;\"><u>Selon la m\u00e9decine chinoise, cette formule pr\u00e9sente les caract\u00e9ristiques suivantes\u00a0:<\/u><\/p>\n<ul style=\"text-align: left;\">\n<li>Chasse le vent<\/li>\n<li>\u00c9limine la vapeur<\/li>\n<li>\u00c9limine la chaleur<\/li>\n<li>Refroidit le sang<\/li>\n<li>Nourrit le sang<\/li>\n<li>Calme les d\u00e9mangeaisons<\/li>\n<\/ul>\n<p>&nbsp;<\/p>\n<p style=\"text-align: left;\"><u>Selon la m\u00e9decine chinoise, cette formule traite entre autres les syndromes suivants\u00a0:\u00a0 <\/u><\/p>\n<ul style=\"text-align: left;\">\n<li>Chaleur humide qui endommage la rate<\/li>\n<li>Affections cutan\u00e9es caus\u00e9es par l&#039;humidit\u00e9 et\/ou la chaleur du vent<\/li>\n<\/ul>\n<p>&nbsp;<\/p>\n<p style=\"text-align: left;\"><u>Selon la m\u00e9decine chinoise, cette formule peut \u00eatre appliqu\u00e9e pour les manifestations suivantes\u00a0:<\/u><\/p>\n<ul style=\"text-align: left;\">\n<li>d\u00e9mangeaisons et \u00e9ruptions cutan\u00e9es<\/li>\n<li>Ecz\u00e9ma d&#039;\u00e9t\u00e9<\/li>\n<li>Soif<\/li>\n<\/ul>\n<p>&nbsp;<\/p>\n<p style=\"text-align: left;\"><strong>Ingr\u00e9dients: <\/strong>Extrait hydro-alcoolique de Jing Jie, Fang Feng, Niu Bang Zi, Chan Tui, Cang Zhu, Ku Shen, Ku Shen, Mu Tong, Shi Gao, Zhi Mu, Sheng di Huang, Dang Gui, Hei Zhi Ma (Huo Ma Ren), Gan Cao<strong>. <\/strong>\u00a0Teneur en alcool 1%.<\/p>\n<p style=\"text-align: left;\"><strong>Contenu:<\/strong> 50 ml<\/p>\n<p style=\"text-align: left;\"><strong>Posologie et mode d&#039;emploi\u00a0:<\/strong><\/p>\n<ul>\n<li style=\"text-align: left;\">Pour les chevaux : 20 gouttes deux fois par jour<\/li>\n<li style=\"text-align: left;\">Pour les chiens jusqu&#039;\u00e0 20 kilos : 3 gouttes deux fois par jour<\/li>\n<li style=\"text-align: left;\">Pour les chiens de plus de 20 kilos : 5 gouttes deux fois par jour<\/li>\n<li style=\"text-align: left;\">Pour les chiots et les poulains, sur rendez-vous.<\/li>\n<\/ul>","protected":false},"excerpt":{"rendered":"<p><em>Teinture \u00e0 base de plantes qui chasse le vent, \u00e9limine l&#039;humidit\u00e9, dissipe la chaleur, rafra\u00eechit le sang, nourrit le sang et soulage les d\u00e9mangeaisons.<\/em><\/p>","protected":false},"featured_media":6484,"template":"","meta":{"_acf_changed":false},"product_brand":[],"product_cat":[132],"product_tag":[],"class_list":{"0":"post-5181","1":"product","2":"type-product","3":"status-publish","4":"has-post-thumbnail","6":"product_cat-voor-dieren","8":"first","9":"instock","10":"taxable","11":"shipping-taxable","12":"purchasable","13":"product-type-simple"},"acf":[],"_links":{"self":[{"href":"https:\/\/tincotheek.nl\/fr\/wp-json\/wp\/v2\/product\/5181","targetHints":{"allow":["GET"]}}],"collection":[{"href":"https:\/\/tincotheek.nl\/fr\/wp-json\/wp\/v2\/product"}],"about":[{"href":"https:\/\/tincotheek.nl\/fr\/wp-json\/wp\/v2\/types\/product"}],"wp:featuredmedia":[{"embeddable":true,"href":"https:\/\/tincotheek.nl\/fr\/wp-json\/wp\/v2\/media\/6484"}],"wp:attachment":[{"href":"https:\/\/tincotheek.nl\/fr\/wp-json\/wp\/v2\/media?parent=5181"}],"wp:term":[{"taxonomy":"product_brand","embeddable":true,"href":"https:\/\/tincotheek.nl\/fr\/wp-json\/wp\/v2\/product_brand?post=5181"},{"taxonomy":"product_cat","embeddable":true,"href":"https:\/\/tincotheek.nl\/fr\/wp-json\/wp\/v2\/product_cat?post=5181"},{"taxonomy":"product_tag","embeddable":true,"href":"https:\/\/tincotheek.nl\/fr\/wp-json\/wp\/v2\/product_tag?post=5181"}],"curies":[{"name":"wp","href":"https:\/\/api.w.org\/{rel}","templated":true}]}}