{"id":5180,"date":"2023-09-15T13:44:24","date_gmt":"2023-09-15T11:44:24","guid":{"rendered":"https:\/\/tincotheek.nl\/?post_type=product&#038;p=5180"},"modified":"2026-03-03T10:17:18","modified_gmt":"2026-03-03T09:17:18","slug":"formule-chaude-pour-la-vesicule-biliaire","status":"publish","type":"product","link":"https:\/\/tincotheek.nl\/fr\/product\/formule-chaude-pour-la-vesicule-biliaire\/","title":{"rendered":"Formule de v\u00e9sicule biliaire chaude (Formule Bambus\/Wen Dang Tang) *"},"content":{"rendered":"<p style=\"text-align: left;\"><em>Teinture \u00e0 base de plantes qui r\u00e9gule le Qi, transforme les mucosit\u00e9s, purifie la v\u00e9sicule biliaire, harmonise l&#039;estomac, ass\u00e8che l&#039;humidit\u00e9 et dissipe la chaleur.<\/em><\/p>\n<p style=\"text-align: left;\"><strong>Composition \u00e0 base de plantes : <\/strong>Zhu Ru, Zhi Shi, Zhi Ban Sha, Chen Pi, Fu Ling, Zhi Gan Cao, Da Zao, Sheng Jiang.<\/p>","protected":false},"excerpt":{"rendered":"<p><em>Teinture \u00e0 base de plantes qui r\u00e9gule le Qi, transforme les mucosit\u00e9s, purifie la v\u00e9sicule biliaire, harmonise l&#039;estomac, ass\u00e8che l&#039;humidit\u00e9 et dissipe la chaleur.<\/em><\/p>","protected":false},"featured_media":6485,"template":"","meta":{"_acf_changed":false},"product_brand":[],"product_cat":[132],"product_tag":[],"class_list":{"0":"post-5180","1":"product","2":"type-product","3":"status-publish","4":"has-post-thumbnail","6":"product_cat-voor-dieren","8":"first","9":"instock","10":"taxable","11":"shipping-taxable","12":"purchasable","13":"product-type-simple"},"acf":[],"_links":{"self":[{"href":"https:\/\/tincotheek.nl\/fr\/wp-json\/wp\/v2\/product\/5180","targetHints":{"allow":["GET"]}}],"collection":[{"href":"https:\/\/tincotheek.nl\/fr\/wp-json\/wp\/v2\/product"}],"about":[{"href":"https:\/\/tincotheek.nl\/fr\/wp-json\/wp\/v2\/types\/product"}],"wp:featuredmedia":[{"embeddable":true,"href":"https:\/\/tincotheek.nl\/fr\/wp-json\/wp\/v2\/media\/6485"}],"wp:attachment":[{"href":"https:\/\/tincotheek.nl\/fr\/wp-json\/wp\/v2\/media?parent=5180"}],"wp:term":[{"taxonomy":"product_brand","embeddable":true,"href":"https:\/\/tincotheek.nl\/fr\/wp-json\/wp\/v2\/product_brand?post=5180"},{"taxonomy":"product_cat","embeddable":true,"href":"https:\/\/tincotheek.nl\/fr\/wp-json\/wp\/v2\/product_cat?post=5180"},{"taxonomy":"product_tag","embeddable":true,"href":"https:\/\/tincotheek.nl\/fr\/wp-json\/wp\/v2\/product_tag?post=5180"}],"curies":[{"name":"wp","href":"https:\/\/api.w.org\/{rel}","templated":true}]}}