{"id":313,"date":"2017-02-06T17:35:53","date_gmt":"2017-02-06T16:35:53","guid":{"rendered":"http:\/\/tincotheek.nl\/?post_type=product&#038;p=313"},"modified":"2026-03-05T13:49:17","modified_gmt":"2026-03-05T12:49:17","slug":"formule-pour-les-articulations","status":"publish","type":"product","link":"https:\/\/tincotheek.nl\/fr\/product\/formule-pour-les-articulations\/","title":{"rendered":"Formule pour les articulations"},"content":{"rendered":"<p>&nbsp;<\/p>\n<p style=\"text-align: left;\"><em>Teinture \u00e0 base de plantes qui dissipe l&#039;Humidit\u00e9-Vent, nourrit le Sang et lib\u00e8re l&#039;Ext\u00e9rieur.<\/em><\/p>\n<p style=\"text-align: left;\"><strong>Composition \u00e0 base de plantes : <\/strong>Wei Ling Xian, Mo Yao, (Huai) Niu Xi, Du Huo, Gan Cao, Gui Zhi, Sang Zhi.<\/p>","protected":false},"excerpt":{"rendered":"<p style=\"text-align: left;\"><em>Teinture \u00e0 base de plantes qui dissipe l&#039;Humidit\u00e9-Vent, nourrit le Sang et lib\u00e8re l&#039;Ext\u00e9rieur.<\/em><\/p>","protected":false},"featured_media":5505,"template":"","meta":{"_acf_changed":false},"product_brand":[],"product_cat":[10],"product_tag":[],"class_list":{"0":"post-313","1":"product","2":"type-product","3":"status-publish","4":"has-post-thumbnail","6":"product_cat-formula","8":"first","9":"instock","10":"taxable","11":"shipping-taxable","12":"purchasable","13":"product-type-simple"},"acf":[],"_links":{"self":[{"href":"https:\/\/tincotheek.nl\/fr\/wp-json\/wp\/v2\/product\/313","targetHints":{"allow":["GET"]}}],"collection":[{"href":"https:\/\/tincotheek.nl\/fr\/wp-json\/wp\/v2\/product"}],"about":[{"href":"https:\/\/tincotheek.nl\/fr\/wp-json\/wp\/v2\/types\/product"}],"wp:featuredmedia":[{"embeddable":true,"href":"https:\/\/tincotheek.nl\/fr\/wp-json\/wp\/v2\/media\/5505"}],"wp:attachment":[{"href":"https:\/\/tincotheek.nl\/fr\/wp-json\/wp\/v2\/media?parent=313"}],"wp:term":[{"taxonomy":"product_brand","embeddable":true,"href":"https:\/\/tincotheek.nl\/fr\/wp-json\/wp\/v2\/product_brand?post=313"},{"taxonomy":"product_cat","embeddable":true,"href":"https:\/\/tincotheek.nl\/fr\/wp-json\/wp\/v2\/product_cat?post=313"},{"taxonomy":"product_tag","embeddable":true,"href":"https:\/\/tincotheek.nl\/fr\/wp-json\/wp\/v2\/product_tag?post=313"}],"curies":[{"name":"wp","href":"https:\/\/api.w.org\/{rel}","templated":true}]}}