{"id":611,"date":"2017-10-12T15:43:41","date_gmt":"2017-10-12T13:43:41","guid":{"rendered":"http:\/\/tincotheek.nl\/?post_type=product&#038;p=611"},"modified":"2026-03-03T11:53:47","modified_gmt":"2026-03-03T10:53:47","slug":"formula-del-angel-ocho","status":"publish","type":"product","link":"https:\/\/tincotheek.nl\/es\/product\/formula-del-angel-ocho\/","title":{"rendered":"F\u00f3rmula del \u00c1ngel Ocho (F\u00f3rmula Ba Zhen Tang)"},"content":{"rendered":"<p style=\"text-align: left;\"><em>Tintura de hierbas que tonifica el Qi y la sangre, fortalece el est\u00f3mago, el bazo, el h\u00edgado y los ri\u00f1ones.<\/em><\/p>\n<p style=\"text-align: left;\"><strong>Composici\u00f3n de hierbas<\/strong>: Dang Gui, Shu Di Huang, Bai Zhu, Fu Ling, Bai Shao, Chuan Xiong, Ren Shen, Zi Gan Cao, Sheng Jiang, Da Zao<\/p>\n<p>&nbsp;<\/p>","protected":false},"excerpt":{"rendered":"<p style=\"text-align: left;\">Tintura de hierbas que tonifica el Qi y la Sangre, fortalece el Est\u00f3mago, el Bazo, el H\u00edgado y los Ri\u00f1ones.<\/p>","protected":false},"featured_media":5478,"template":"","meta":{"_acf_changed":false},"product_brand":[],"product_cat":[10],"product_tag":[],"class_list":{"0":"post-611","1":"product","2":"type-product","3":"status-publish","4":"has-post-thumbnail","6":"product_cat-formula","8":"first","9":"instock","10":"taxable","11":"shipping-taxable","12":"purchasable","13":"product-type-simple"},"acf":[],"_links":{"self":[{"href":"https:\/\/tincotheek.nl\/es\/wp-json\/wp\/v2\/product\/611","targetHints":{"allow":["GET"]}}],"collection":[{"href":"https:\/\/tincotheek.nl\/es\/wp-json\/wp\/v2\/product"}],"about":[{"href":"https:\/\/tincotheek.nl\/es\/wp-json\/wp\/v2\/types\/product"}],"wp:featuredmedia":[{"embeddable":true,"href":"https:\/\/tincotheek.nl\/es\/wp-json\/wp\/v2\/media\/5478"}],"wp:attachment":[{"href":"https:\/\/tincotheek.nl\/es\/wp-json\/wp\/v2\/media?parent=611"}],"wp:term":[{"taxonomy":"product_brand","embeddable":true,"href":"https:\/\/tincotheek.nl\/es\/wp-json\/wp\/v2\/product_brand?post=611"},{"taxonomy":"product_cat","embeddable":true,"href":"https:\/\/tincotheek.nl\/es\/wp-json\/wp\/v2\/product_cat?post=611"},{"taxonomy":"product_tag","embeddable":true,"href":"https:\/\/tincotheek.nl\/es\/wp-json\/wp\/v2\/product_tag?post=611"}],"curies":[{"name":"wp","href":"https:\/\/api.w.org\/{rel}","templated":true}]}}