{"id":5413,"date":"2025-05-23T10:46:38","date_gmt":"2025-05-23T08:46:38","guid":{"rendered":"https:\/\/tincotheek.nl\/?post_type=product&#038;p=5413"},"modified":"2026-03-01T21:35:30","modified_gmt":"2026-03-01T20:35:30","slug":"formula-para-eliminar-el-viento","status":"publish","type":"product","link":"https:\/\/tincotheek.nl\/es\/product\/formula-para-eliminar-el-viento\/","title":{"rendered":"F\u00f3rmula para eliminar el viento (F\u00f3rmula Xiao Feng San)"},"content":{"rendered":"<p>&nbsp;<\/p>\n<p style=\"text-align: left;\"><strong>Composici\u00f3n de hierbas: <\/strong>Jing Jie, Fang Feng, Chan Tui, Niu Bang Zi, Ku Shen, Mu Tong, Cang Zhu, Sheng di Huang, Shi Gao, Zhi Mu, Dang Gui, Hei Zhi Ma, Gan Cao.<\/p>\n<p style=\"text-align: left;\"><strong>\u00a0<\/strong><\/p>\n<p style=\"text-align: left;\"><em>Tintura de hierbas que expulsa el viento, elimina la humedad, aclara el calor, enfr\u00eda la sangre, nutre la sangre y alivia la picaz\u00f3n.<\/em><\/p>\n<p style=\"text-align: left;\"><strong>Esta f\u00f3rmula consta de 13 hierbas:<\/strong><\/p>\n<ul style=\"text-align: left;\">\n<li><strong>Jing Jie: <\/strong>Libera el exterior, aleja el viento y alivia el picor.<\/li>\n<li><strong>Colmillo Feng:<\/strong> Libera lo externo, mueve el Qi, disipa el Viento-Fr\u00edo-Humedad y alivia el dolor.<\/li>\n<li><strong>Niu Bang Zi:<\/strong> disipa el Viento-Calor, alivia la garganta, aclara el Calor Interno.<\/li>\n<li><strong>Chan Tui:<\/strong> Expulsa el viento, elimina el calor interno y combate las erupciones en la piel.<\/li>\n<li><strong>Cang Zu: <\/strong>Seca la humedad y disipa la humedad del viento.<\/li>\n<li><strong>Ku Shen:<\/strong> Elimina el calor, seca la humedad, aleja el viento y detiene la picaz\u00f3n.<\/li>\n<li><strong>Mu Tong:<\/strong> Seca Vapor-Calor<\/li>\n<li><strong>Shi Gao:<\/strong> Despeja el calor, disipa el fuego y cura la erupci\u00f3n.<\/li>\n<li><strong>Zhimu:<\/strong> Limpia el calor, drena el fuego, nutre y humedece la sequedad.<\/li>\n<li><strong>Sheng di Huang:<\/strong> Enfr\u00eda la sangre y elimina el calor.<\/li>\n<li><strong>Dang Gui:<\/strong> Nutre y reaviva la sangre.<\/li>\n<li><strong>Hei Zhi Ma (o Huo Ma Ren):<\/strong> Nutre el Yin y la Sangre.<\/li>\n<li><strong>Gan Cao:<\/strong> Despeja el calor, alivia toxinas y calma y armoniza las acciones de las dem\u00e1s hierbas.<\/li>\n<\/ul>\n<p>&nbsp;<\/p>\n<p style=\"text-align: left;\"><u>Seg\u00fan la Medicina China, esta f\u00f3rmula tiene las siguientes caracter\u00edsticas:<\/u><\/p>\n<ul style=\"text-align: left;\">\n<li>Ahuyenta el viento<\/li>\n<li>Elimina el vapor<\/li>\n<li>Despeja el calor<\/li>\n<li>Enfr\u00eda la sangre<\/li>\n<li>Nutre la sangre<\/li>\n<li>Detiene la picaz\u00f3n<\/li>\n<\/ul>\n<p>&nbsp;<\/p>\n<p style=\"text-align: left;\"><u>Seg\u00fan la Medicina China, esta f\u00f3rmula trata entre otros los siguientes s\u00edndromes:\u00a0 <\/u><\/p>\n<ul style=\"text-align: left;\">\n<li>Calor h\u00famedo que da\u00f1a el bazo<\/li>\n<li>Afecciones de la piel causadas por la humedad del viento y\/o el calor del viento<\/li>\n<\/ul>\n<p>&nbsp;<\/p>\n<p style=\"text-align: left;\"><u>Seg\u00fan la Medicina China, esta f\u00f3rmula se puede aplicar para las siguientes manifestaciones:<\/u><\/p>\n<ul style=\"text-align: left;\">\n<li>Picaz\u00f3n y sarpullido<\/li>\n<li>Acn\u00e9<\/li>\n<li>Urtiaria<\/li>\n<li>Soriasis<\/li>\n<li>Erupci\u00f3n al\u00e9rgica<\/li>\n<li>verrugas genitales<\/li>\n<\/ul>\n<p>&nbsp;<\/p>\n<p style=\"text-align: left;\"><strong>Ingredientes: <\/strong>Extracto hidroalcoh\u00f3lico de Jing Jie, Fang Feng, Niu Bang Zi, Chan Tui, Cang Zhu, Ku Shen, Ku Shen, Mu Tong, Shi Gao, Zhi Mu, Sheng di Huang, Dang Gui, Hei Zhi Ma (Huo Ma Ren), Gan Cao.<strong>. <\/strong>\u00a0Contenido de alcohol 1%.<\/p>\n<p style=\"text-align: left;\"><strong>Contenido:<\/strong> 50 ml<\/p>\n<p><strong>Dosis y uso<\/strong>Disolver 15 gotas en agua tibia 3 veces al d\u00eda y beber.<\/p>","protected":false},"excerpt":{"rendered":"<p style=\"text-align: left;\"><em>Tintura de hierbas que expulsa el viento, elimina la humedad, aclara el calor, enfr\u00eda la sangre, nutre la sangre y alivia la picaz\u00f3n.<\/em><\/p>","protected":false},"featured_media":5490,"template":"","meta":{"_acf_changed":false},"product_brand":[],"product_cat":[10],"product_tag":[],"class_list":{"0":"post-5413","1":"product","2":"type-product","3":"status-publish","4":"has-post-thumbnail","6":"product_cat-formula","8":"first","9":"instock","10":"taxable","11":"shipping-taxable","12":"purchasable","13":"product-type-simple"},"acf":[],"_links":{"self":[{"href":"https:\/\/tincotheek.nl\/es\/wp-json\/wp\/v2\/product\/5413","targetHints":{"allow":["GET"]}}],"collection":[{"href":"https:\/\/tincotheek.nl\/es\/wp-json\/wp\/v2\/product"}],"about":[{"href":"https:\/\/tincotheek.nl\/es\/wp-json\/wp\/v2\/types\/product"}],"wp:featuredmedia":[{"embeddable":true,"href":"https:\/\/tincotheek.nl\/es\/wp-json\/wp\/v2\/media\/5490"}],"wp:attachment":[{"href":"https:\/\/tincotheek.nl\/es\/wp-json\/wp\/v2\/media?parent=5413"}],"wp:term":[{"taxonomy":"product_brand","embeddable":true,"href":"https:\/\/tincotheek.nl\/es\/wp-json\/wp\/v2\/product_brand?post=5413"},{"taxonomy":"product_cat","embeddable":true,"href":"https:\/\/tincotheek.nl\/es\/wp-json\/wp\/v2\/product_cat?post=5413"},{"taxonomy":"product_tag","embeddable":true,"href":"https:\/\/tincotheek.nl\/es\/wp-json\/wp\/v2\/product_tag?post=5413"}],"curies":[{"name":"wp","href":"https:\/\/api.w.org\/{rel}","templated":true}]}}