{"id":612,"date":"2017-10-12T15:45:29","date_gmt":"2017-10-12T13:45:29","guid":{"rendered":"http:\/\/tincotheek.nl\/?post_type=product&#038;p=612"},"modified":"2026-03-03T11:49:34","modified_gmt":"2026-03-03T10:49:34","slug":"formel-des-himmelskaisers","status":"publish","type":"product","link":"https:\/\/tincotheek.nl\/de\/product\/formel-des-himmelskaisers\/","title":{"rendered":"Formel des Himmelskaisers (Tian Wang Bu Xin Formel)"},"content":{"rendered":"<p>&nbsp;<\/p>\n<p style=\"text-align: left;\"><em>Eine Kr\u00e4utertinktur, die das Yin st\u00e4rkt, das Blut n\u00e4hrt, Herz und Nieren tonisiert, das Shen beruhigt und Hitze ableitet. Auch bekannt als \u201cDie Spezialformel des Himmelskaisers zur St\u00e4rkung des Herzens\u201d.<\/em><\/p>\n<p style=\"text-align: left;\"><strong>Pflanzliche Zusammensetzung: <\/strong>Sheng Di Huang, Ren Shen, Tian Men Dong, Mai Men Dong, Xuan Shen, Dan Shen, Fu Ling, Yuan Zhi, Dang Gui, Wu Wei Zi, Bai Zi Ren, Suan Zao Ren, Jie Geng, Zhua Sha<\/p>\n<p>&nbsp;<\/p>\n<p>&nbsp;<\/p>\n<p>&nbsp;<\/p>\n<p>&nbsp;<\/p>\n<p>&nbsp;<\/p>\n<p>&nbsp;<\/p>\n<p>&nbsp;<\/p>","protected":false},"excerpt":{"rendered":"<p style=\"text-align: left;\"><em>Eine Kr\u00e4utertinktur, die das Yin st\u00e4rkt, das Blut n\u00e4hrt, Herz und Nieren tonisiert, das Shen beruhigt und Hitze ableitet. Auch bekannt als \u201cDie Spezialformel des Himmelskaisers zur St\u00e4rkung des Herzens\u201c.<\/em><\/p>","protected":false},"featured_media":5491,"template":"","meta":{"_acf_changed":false},"product_brand":[],"product_cat":[10],"product_tag":[],"class_list":{"0":"post-612","1":"product","2":"type-product","3":"status-publish","4":"has-post-thumbnail","6":"product_cat-formula","8":"first","9":"instock","10":"taxable","11":"shipping-taxable","12":"purchasable","13":"product-type-simple"},"acf":[],"_links":{"self":[{"href":"https:\/\/tincotheek.nl\/de\/wp-json\/wp\/v2\/product\/612","targetHints":{"allow":["GET"]}}],"collection":[{"href":"https:\/\/tincotheek.nl\/de\/wp-json\/wp\/v2\/product"}],"about":[{"href":"https:\/\/tincotheek.nl\/de\/wp-json\/wp\/v2\/types\/product"}],"wp:featuredmedia":[{"embeddable":true,"href":"https:\/\/tincotheek.nl\/de\/wp-json\/wp\/v2\/media\/5491"}],"wp:attachment":[{"href":"https:\/\/tincotheek.nl\/de\/wp-json\/wp\/v2\/media?parent=612"}],"wp:term":[{"taxonomy":"product_brand","embeddable":true,"href":"https:\/\/tincotheek.nl\/de\/wp-json\/wp\/v2\/product_brand?post=612"},{"taxonomy":"product_cat","embeddable":true,"href":"https:\/\/tincotheek.nl\/de\/wp-json\/wp\/v2\/product_cat?post=612"},{"taxonomy":"product_tag","embeddable":true,"href":"https:\/\/tincotheek.nl\/de\/wp-json\/wp\/v2\/product_tag?post=612"}],"curies":[{"name":"wp","href":"https:\/\/api.w.org\/{rel}","templated":true}]}}