{"id":5417,"date":"2025-06-18T11:52:27","date_gmt":"2025-06-18T09:52:27","guid":{"rendered":"https:\/\/tincotheek.nl\/?post_type=product&#038;p=5417"},"modified":"2026-03-01T21:31:31","modified_gmt":"2026-03-01T20:31:31","slug":"ibero-formel","status":"publish","type":"product","link":"https:\/\/tincotheek.nl\/de\/product\/ibero-formel\/","title":{"rendered":"Ibero-Formel (Wei-Pi-Formel) *"},"content":{"rendered":"<p style=\"text-align: left;\"><em>Eine Kr\u00e4utertinktur, die Milz-Qi und Milz-Yang n\u00e4hrt, Leere und K\u00e4lte in Magen und Darm vertreibt und Schleim, Feuchtigkeit und K\u00e4lte ausleitet.<\/em><\/p>\n<p>&nbsp;<\/p>\n<p><strong>Pflanzliche Zusammensetzung: <\/strong>Huang Lian, Dang Gui, Lu Cha, Carum Carvi, Melissa Officinalis, Bo He, Bai Qu Cai, Zhi Gan Cao, Lou Lu.<\/p>","protected":false},"excerpt":{"rendered":"<p><em>Eine Kr\u00e4utertinktur, die Milz-Qi und Milz-Yang n\u00e4hrt, Leere und K\u00e4lte in Magen und Darm vertreibt und Schleim, Feuchtigkeit und K\u00e4lte ausleitet.<\/em><\/p>","protected":false},"featured_media":6474,"template":"","meta":{"_acf_changed":false},"product_brand":[],"product_cat":[132],"product_tag":[],"class_list":{"0":"post-5417","1":"product","2":"type-product","3":"status-publish","4":"has-post-thumbnail","6":"product_cat-voor-dieren","8":"first","9":"instock","10":"taxable","11":"shipping-taxable","12":"purchasable","13":"product-type-simple"},"acf":[],"_links":{"self":[{"href":"https:\/\/tincotheek.nl\/de\/wp-json\/wp\/v2\/product\/5417","targetHints":{"allow":["GET"]}}],"collection":[{"href":"https:\/\/tincotheek.nl\/de\/wp-json\/wp\/v2\/product"}],"about":[{"href":"https:\/\/tincotheek.nl\/de\/wp-json\/wp\/v2\/types\/product"}],"wp:featuredmedia":[{"embeddable":true,"href":"https:\/\/tincotheek.nl\/de\/wp-json\/wp\/v2\/media\/6474"}],"wp:attachment":[{"href":"https:\/\/tincotheek.nl\/de\/wp-json\/wp\/v2\/media?parent=5417"}],"wp:term":[{"taxonomy":"product_brand","embeddable":true,"href":"https:\/\/tincotheek.nl\/de\/wp-json\/wp\/v2\/product_brand?post=5417"},{"taxonomy":"product_cat","embeddable":true,"href":"https:\/\/tincotheek.nl\/de\/wp-json\/wp\/v2\/product_cat?post=5417"},{"taxonomy":"product_tag","embeddable":true,"href":"https:\/\/tincotheek.nl\/de\/wp-json\/wp\/v2\/product_tag?post=5417"}],"curies":[{"name":"wp","href":"https:\/\/api.w.org\/{rel}","templated":true}]}}