{"id":5413,"date":"2025-05-23T10:46:38","date_gmt":"2025-05-23T08:46:38","guid":{"rendered":"https:\/\/tincotheek.nl\/?post_type=product&#038;p=5413"},"modified":"2026-03-01T21:35:30","modified_gmt":"2026-03-01T20:35:30","slug":"formel-zur-beseitigung-von-wind","status":"publish","type":"product","link":"https:\/\/tincotheek.nl\/de\/product\/formel-zur-beseitigung-von-wind\/","title":{"rendered":"Wind-Beseitigungsformel (Xiao Feng San Formel)"},"content":{"rendered":"<p>&nbsp;<\/p>\n<p style=\"text-align: left;\"><strong>Pflanzliche Zusammensetzung: <\/strong>Jing Jie, Fang Feng, Chan Tui, Niu Bang Zi, Ku Shen, Mu Tong, Cang Zhu, Sheng di Huang, Shi Gao, Zhi Mu, Dang Gui, Hei Zhi Ma, Gan Cao.<\/p>\n<p style=\"text-align: left;\"><strong>\u00a0<\/strong><\/p>\n<p style=\"text-align: left;\"><em>Kr\u00e4utertinktur, die Wind vertreibt, Feuchtigkeit beseitigt, Hitze kl\u00e4rt, das Blut k\u00fchlt, das Blut n\u00e4hrt und Juckreiz lindert.<\/em><\/p>\n<p style=\"text-align: left;\"><strong>Diese Rezeptur besteht aus 13 Kr\u00e4utern:<\/strong><\/p>\n<ul style=\"text-align: left;\">\n<li><strong>Jing Jie: <\/strong>Befreit die \u00e4u\u00dfere Umgebung, vertreibt den Wind und lindert Juckreiz.<\/li>\n<li><strong>Fang Feng:<\/strong> Befreit das \u00c4u\u00dfere, bewegt Qi, vertreibt Wind-K\u00e4lte-Feuchtigkeit und lindert Schmerzen.<\/li>\n<li><strong>Niu Bang Zi:<\/strong> Vertreibt Wind-Hitze, wirkt wohltuend auf den Hals, kl\u00e4rt innere Hitze.<\/li>\n<li><strong>Chan Tui:<\/strong> Vertreibt Winde, beseitigt innere Hitze und bek\u00e4mpft Hautausschl\u00e4ge.<\/li>\n<li><strong>Cang Zu: <\/strong>Trocknet Feuchtigkeit und vertreibt Windfeuchtigkeit<\/li>\n<li><strong>Ku Shen:<\/strong> Kl\u00e4rt Hitze, trocknet Feuchtigkeit, vertreibt Wind und lindert Juckreiz.<\/li>\n<li><strong>Mu Tong:<\/strong> Trocknet Dampf-Hitze<\/li>\n<li><strong>Shi Gao:<\/strong> Kl\u00e4rt Hitze, vertreibt Entz\u00fcndungen und heilt Hautausschl\u00e4ge.<\/li>\n<li><strong>Zhi Mu:<\/strong> Kl\u00e4rt Hitze, leitet Feuer ab, n\u00e4hrt und befeuchtet Trockenheit.<\/li>\n<li><strong>Sheng di Huang:<\/strong> K\u00fchlt das Blut und beseitigt Hitze<\/li>\n<li><strong>Verdammt Gui:<\/strong> n\u00e4hrt und belebt das Blut.<\/li>\n<li><strong>Hei Zhi Ma (oder Huo Ma Ren):<\/strong> N\u00e4hrt Yin und Blut.<\/li>\n<li><strong>Gan Cao:<\/strong> Wirkt k\u00fchlend, entgiftend und beruhigend und harmonisiert die Wirkung der anderen Kr\u00e4uter.<\/li>\n<\/ul>\n<p>&nbsp;<\/p>\n<p style=\"text-align: left;\"><u>Gem\u00e4\u00df der chinesischen Medizin weist diese Rezeptur folgende Eigenschaften auf:<\/u><\/p>\n<ul style=\"text-align: left;\">\n<li>Vertreibt den Wind<\/li>\n<li>Beseitigt Dampf<\/li>\n<li>Kl\u00e4rt Hitze<\/li>\n<li>K\u00fchlt das Blut<\/li>\n<li>N\u00e4hrt das Blut<\/li>\n<li>Lindert Juckreiz<\/li>\n<\/ul>\n<p>&nbsp;<\/p>\n<p style=\"text-align: left;\"><u>Gem\u00e4\u00df der Traditionellen Chinesischen Medizin (TCM) behandelt diese Rezeptur unter anderem folgende Syndrome:\u00a0 <\/u><\/p>\n<ul style=\"text-align: left;\">\n<li>Feuchte Hitze, die die Milz sch\u00e4digt<\/li>\n<li>Hauterkrankungen, die durch Windfeuchtigkeit und\/oder Windhitze verursacht werden<\/li>\n<\/ul>\n<p>&nbsp;<\/p>\n<p style=\"text-align: left;\"><u>Gem\u00e4\u00df der Traditionellen Chinesischen Medizin (TCM) kann diese Rezeptur bei folgenden Beschwerden angewendet werden:<\/u><\/p>\n<ul style=\"text-align: left;\">\n<li>Juckreiz und Hautausschlag<\/li>\n<li>Akne<\/li>\n<li>Urtiaria<\/li>\n<li>Schuppenflechte<\/li>\n<li>Allergischer Ausschlag<\/li>\n<li>Genitalwarzen<\/li>\n<\/ul>\n<p>&nbsp;<\/p>\n<p style=\"text-align: left;\"><strong>Zutaten: <\/strong>Wasser-Alkohol-Extrakt aus Jing Jie, Fang Feng, Niu Bang Zi, Chan Tui, Cang Zhu, Ku Shen, Ku Shen, Mu Tong, Shi Gao, Zhi Mu, Sheng di Huang, Dang Gui, Hei Zhi Ma (Huo Ma Ren), Gan Cao<strong>. <\/strong>\u00a0Alkoholgehalt 1%.<\/p>\n<p style=\"text-align: left;\"><strong>Inhalt:<\/strong> 50 ml<\/p>\n<p><strong>Dosierung und Anwendung<\/strong>Dreimal t\u00e4glich 15 Tropfen in warmem Wasser aufl\u00f6sen und trinken.<\/p>","protected":false},"excerpt":{"rendered":"<p style=\"text-align: left;\"><em>Kr\u00e4utertinktur, die Wind vertreibt, Feuchtigkeit beseitigt, Hitze kl\u00e4rt, das Blut k\u00fchlt, das Blut n\u00e4hrt und Juckreiz lindert.<\/em><\/p>","protected":false},"featured_media":5490,"template":"","meta":{"_acf_changed":false},"product_brand":[],"product_cat":[10],"product_tag":[],"class_list":{"0":"post-5413","1":"product","2":"type-product","3":"status-publish","4":"has-post-thumbnail","6":"product_cat-formula","8":"first","9":"instock","10":"taxable","11":"shipping-taxable","12":"purchasable","13":"product-type-simple"},"acf":[],"_links":{"self":[{"href":"https:\/\/tincotheek.nl\/de\/wp-json\/wp\/v2\/product\/5413","targetHints":{"allow":["GET"]}}],"collection":[{"href":"https:\/\/tincotheek.nl\/de\/wp-json\/wp\/v2\/product"}],"about":[{"href":"https:\/\/tincotheek.nl\/de\/wp-json\/wp\/v2\/types\/product"}],"wp:featuredmedia":[{"embeddable":true,"href":"https:\/\/tincotheek.nl\/de\/wp-json\/wp\/v2\/media\/5490"}],"wp:attachment":[{"href":"https:\/\/tincotheek.nl\/de\/wp-json\/wp\/v2\/media?parent=5413"}],"wp:term":[{"taxonomy":"product_brand","embeddable":true,"href":"https:\/\/tincotheek.nl\/de\/wp-json\/wp\/v2\/product_brand?post=5413"},{"taxonomy":"product_cat","embeddable":true,"href":"https:\/\/tincotheek.nl\/de\/wp-json\/wp\/v2\/product_cat?post=5413"},{"taxonomy":"product_tag","embeddable":true,"href":"https:\/\/tincotheek.nl\/de\/wp-json\/wp\/v2\/product_tag?post=5413"}],"curies":[{"name":"wp","href":"https:\/\/api.w.org\/{rel}","templated":true}]}}