{"id":5400,"date":"2025-05-07T13:48:12","date_gmt":"2025-05-07T11:48:12","guid":{"rendered":"https:\/\/tincotheek.nl\/?post_type=product&#038;p=5400"},"modified":"2026-03-06T11:01:02","modified_gmt":"2026-03-06T10:01:02","slug":"langer-lowe","status":"publish","type":"product","link":"https:\/\/tincotheek.nl\/de\/product\/langer-lowe\/","title":{"rendered":"Langer L\u00f6we"},"content":{"rendered":"<h4 style=\"text-align: left;\"><strong>(Tong Chuan Li Fei Formel)<\/strong><\/h4>\n<p style=\"text-align: left;\"><em>Eine Kr\u00e4utertinktur, die Wind und K\u00e4lte vertreibt, wohltuend f\u00fcr die Lunge ist und Schleim l\u00f6st.<\/em><\/p>\n<p style=\"text-align: left;\"><strong>Pflanzliche Zusammensetzung: <\/strong>Zi Su Ye, Huang Qin, Zhi Ke, Gan Cao, Chen Pi, Zhi Ban Xia, Jie Geng, Xing Ren, Fu Ling, Xian Hu, Ma Huang<\/p>\n<p style=\"text-align: left;\"><strong>\u00a0<\/strong><\/p>\n<p style=\"text-align: left;\"><strong>\u00a0<\/strong><\/p>\n<ul style=\"text-align: left;\">\n<li><\/li>\n<\/ul>\n<p>&nbsp;<\/p>\n<p style=\"text-align: left;\">","protected":false},"excerpt":{"rendered":"<p><em>Eine Kr\u00e4utertinktur, die Wind und K\u00e4lte vertreibt, wohltuend f\u00fcr die Lunge ist und Schleim l\u00f6st.<\/em><\/p>","protected":false},"featured_media":6476,"template":"","meta":{"_acf_changed":false},"product_brand":[],"product_cat":[134],"product_tag":[],"class_list":{"0":"post-5400","1":"product","2":"type-product","3":"status-publish","4":"has-post-thumbnail","6":"product_cat-voor-kinderen","8":"first","9":"instock","10":"taxable","11":"shipping-taxable","12":"purchasable","13":"product-type-simple"},"acf":[],"_links":{"self":[{"href":"https:\/\/tincotheek.nl\/de\/wp-json\/wp\/v2\/product\/5400","targetHints":{"allow":["GET"]}}],"collection":[{"href":"https:\/\/tincotheek.nl\/de\/wp-json\/wp\/v2\/product"}],"about":[{"href":"https:\/\/tincotheek.nl\/de\/wp-json\/wp\/v2\/types\/product"}],"wp:featuredmedia":[{"embeddable":true,"href":"https:\/\/tincotheek.nl\/de\/wp-json\/wp\/v2\/media\/6476"}],"wp:attachment":[{"href":"https:\/\/tincotheek.nl\/de\/wp-json\/wp\/v2\/media?parent=5400"}],"wp:term":[{"taxonomy":"product_brand","embeddable":true,"href":"https:\/\/tincotheek.nl\/de\/wp-json\/wp\/v2\/product_brand?post=5400"},{"taxonomy":"product_cat","embeddable":true,"href":"https:\/\/tincotheek.nl\/de\/wp-json\/wp\/v2\/product_cat?post=5400"},{"taxonomy":"product_tag","embeddable":true,"href":"https:\/\/tincotheek.nl\/de\/wp-json\/wp\/v2\/product_tag?post=5400"}],"curies":[{"name":"wp","href":"https:\/\/api.w.org\/{rel}","templated":true}]}}