{"id":5396,"date":"2025-05-07T12:58:08","date_gmt":"2025-05-07T10:58:08","guid":{"rendered":"https:\/\/tincotheek.nl\/?post_type=product&#038;p=5396"},"modified":"2026-03-05T18:59:49","modified_gmt":"2026-03-05T17:59:49","slug":"treibfrosch","status":"publish","type":"product","link":"https:\/\/tincotheek.nl\/de\/product\/treibfrosch\/","title":{"rendered":"Treibfrosch"},"content":{"rendered":"<h4 style=\"text-align: left;\"><strong>Suan Zao Ren Formel\/Gef\u00fchlsformel<\/strong><\/h4>\n<p>&nbsp;<\/p>\n<p style=\"text-align: left;\"><em>Eine Kr\u00e4utertinktur, die das Shen beruhigt, das Herz-Yin n\u00e4hrt, das Leberblut st\u00e4rkt und Hitze ableitet.<\/em><\/p>\n<p style=\"text-align: left;\"><strong>Pflanzliche Zusammensetzung: <\/strong>Suan Zao Ren, Mu Li, Zhi Mu, Chuan Xiong, Yuan Zhi, Fu Ling, Gan Cao<\/p>\n<p style=\"text-align: left;\"><strong>\u00a0<\/strong><\/p>\n<p>&nbsp;<\/p>\n<p style=\"text-align: left;\">","protected":false},"excerpt":{"rendered":"<p><em>Eine Kr\u00e4utertinktur, die das Shen beruhigt, das Herz-Yin n\u00e4hrt, das Leberblut st\u00e4rkt und Hitze ableitet.<\/em><\/p>","protected":false},"featured_media":6479,"template":"","meta":{"_acf_changed":false},"product_brand":[],"product_cat":[134],"product_tag":[],"class_list":{"0":"post-5396","1":"product","2":"type-product","3":"status-publish","4":"has-post-thumbnail","6":"product_cat-voor-kinderen","8":"first","9":"instock","10":"taxable","11":"shipping-taxable","12":"purchasable","13":"product-type-simple"},"acf":[],"_links":{"self":[{"href":"https:\/\/tincotheek.nl\/de\/wp-json\/wp\/v2\/product\/5396","targetHints":{"allow":["GET"]}}],"collection":[{"href":"https:\/\/tincotheek.nl\/de\/wp-json\/wp\/v2\/product"}],"about":[{"href":"https:\/\/tincotheek.nl\/de\/wp-json\/wp\/v2\/types\/product"}],"wp:featuredmedia":[{"embeddable":true,"href":"https:\/\/tincotheek.nl\/de\/wp-json\/wp\/v2\/media\/6479"}],"wp:attachment":[{"href":"https:\/\/tincotheek.nl\/de\/wp-json\/wp\/v2\/media?parent=5396"}],"wp:term":[{"taxonomy":"product_brand","embeddable":true,"href":"https:\/\/tincotheek.nl\/de\/wp-json\/wp\/v2\/product_brand?post=5396"},{"taxonomy":"product_cat","embeddable":true,"href":"https:\/\/tincotheek.nl\/de\/wp-json\/wp\/v2\/product_cat?post=5396"},{"taxonomy":"product_tag","embeddable":true,"href":"https:\/\/tincotheek.nl\/de\/wp-json\/wp\/v2\/product_tag?post=5396"}],"curies":[{"name":"wp","href":"https:\/\/api.w.org\/{rel}","templated":true}]}}