{"id":5395,"date":"2025-05-07T12:56:31","date_gmt":"2025-05-07T10:56:31","guid":{"rendered":"https:\/\/tincotheek.nl\/?post_type=product&#038;p=5395"},"modified":"2026-03-06T10:57:07","modified_gmt":"2026-03-06T09:57:07","slug":"kitzelmaus","status":"publish","type":"product","link":"https:\/\/tincotheek.nl\/de\/product\/kitzelmaus\/","title":{"rendered":"Gruselige Maus"},"content":{"rendered":"<p>&nbsp;<\/p>\n<h4 style=\"text-align: left;\">(Skin Plus Formel)<\/h4>\n<p style=\"text-align: left;\"><em>Eine Kr\u00e4utertinktur, die Hitze kl\u00e4rt, Feuchtigkeit umwandelt und die \u00e4u\u00dfere Energie befreit.<\/em><\/p>\n<p style=\"text-align: left;\"><strong>Pflanzliche Zusammensetzung: <\/strong>Lian Qian Cao, Huang Qin, Fang Feng, Zhie Zi, Jie Geng, Dang Gui, Jing Jie, Chuan Qiong, Gan Cao, Da Huang, Bai Zhu, Bo He<\/p>\n<p>&nbsp;<\/p>","protected":false},"excerpt":{"rendered":"<p style=\"text-align: left;\"><em>Eine Kr\u00e4utertinktur, die Hitze kl\u00e4rt, Feuchtigkeit umwandelt und die \u00e4u\u00dfere Energie befreit.<\/em><\/p>","protected":false},"featured_media":6480,"template":"","meta":{"_acf_changed":false},"product_brand":[],"product_cat":[134],"product_tag":[],"class_list":{"0":"post-5395","1":"product","2":"type-product","3":"status-publish","4":"has-post-thumbnail","6":"product_cat-voor-kinderen","8":"first","9":"instock","10":"taxable","11":"shipping-taxable","12":"purchasable","13":"product-type-simple"},"acf":[],"_links":{"self":[{"href":"https:\/\/tincotheek.nl\/de\/wp-json\/wp\/v2\/product\/5395","targetHints":{"allow":["GET"]}}],"collection":[{"href":"https:\/\/tincotheek.nl\/de\/wp-json\/wp\/v2\/product"}],"about":[{"href":"https:\/\/tincotheek.nl\/de\/wp-json\/wp\/v2\/types\/product"}],"wp:featuredmedia":[{"embeddable":true,"href":"https:\/\/tincotheek.nl\/de\/wp-json\/wp\/v2\/media\/6480"}],"wp:attachment":[{"href":"https:\/\/tincotheek.nl\/de\/wp-json\/wp\/v2\/media?parent=5395"}],"wp:term":[{"taxonomy":"product_brand","embeddable":true,"href":"https:\/\/tincotheek.nl\/de\/wp-json\/wp\/v2\/product_brand?post=5395"},{"taxonomy":"product_cat","embeddable":true,"href":"https:\/\/tincotheek.nl\/de\/wp-json\/wp\/v2\/product_cat?post=5395"},{"taxonomy":"product_tag","embeddable":true,"href":"https:\/\/tincotheek.nl\/de\/wp-json\/wp\/v2\/product_tag?post=5395"}],"curies":[{"name":"wp","href":"https:\/\/api.w.org\/{rel}","templated":true}]}}