{"id":5179,"date":"2023-09-15T13:22:31","date_gmt":"2023-09-15T11:22:31","guid":{"rendered":"https:\/\/tincotheek.nl\/?post_type=product&#038;p=5179"},"modified":"2026-03-03T10:19:49","modified_gmt":"2026-03-03T09:19:49","slug":"gefuhlsformel","status":"publish","type":"product","link":"https:\/\/tincotheek.nl\/de\/product\/gefuhlsformel\/","title":{"rendered":"Gef\u00fchlsformel (Suan Zao Ren Formel) *"},"content":{"rendered":"<p>&nbsp;<\/p>\n<p style=\"text-align: left;\"><em>Eine Kr\u00e4utertinktur, die das Shen beruhigt, das Herz-Yin n\u00e4hrt, das Leberblut st\u00e4rkt und Hitze ableitet.<\/em><\/p>\n<p style=\"text-align: left;\"><strong> Kr\u00e4uterzusammensetzung: Suan Zao Ren, Mu Li, Zhi Mu, Chuan Xiong, Yuan Zhi, Fu Ling, Gan Cao<\/strong><\/p>\n<p>&nbsp;<\/p>","protected":false},"excerpt":{"rendered":"<p><em>Eine Kr\u00e4utertinktur, die das Shen beruhigt, das Herz-Yin n\u00e4hrt, das Leberblut st\u00e4rkt und Hitze ableitet.<\/em><\/p>","protected":false},"featured_media":6486,"template":"","meta":{"_acf_changed":false},"product_brand":[],"product_cat":[132],"product_tag":[],"class_list":{"0":"post-5179","1":"product","2":"type-product","3":"status-publish","4":"has-post-thumbnail","6":"product_cat-voor-dieren","8":"first","9":"instock","10":"taxable","11":"shipping-taxable","12":"purchasable","13":"product-type-simple"},"acf":[],"_links":{"self":[{"href":"https:\/\/tincotheek.nl\/de\/wp-json\/wp\/v2\/product\/5179","targetHints":{"allow":["GET"]}}],"collection":[{"href":"https:\/\/tincotheek.nl\/de\/wp-json\/wp\/v2\/product"}],"about":[{"href":"https:\/\/tincotheek.nl\/de\/wp-json\/wp\/v2\/types\/product"}],"wp:featuredmedia":[{"embeddable":true,"href":"https:\/\/tincotheek.nl\/de\/wp-json\/wp\/v2\/media\/6486"}],"wp:attachment":[{"href":"https:\/\/tincotheek.nl\/de\/wp-json\/wp\/v2\/media?parent=5179"}],"wp:term":[{"taxonomy":"product_brand","embeddable":true,"href":"https:\/\/tincotheek.nl\/de\/wp-json\/wp\/v2\/product_brand?post=5179"},{"taxonomy":"product_cat","embeddable":true,"href":"https:\/\/tincotheek.nl\/de\/wp-json\/wp\/v2\/product_cat?post=5179"},{"taxonomy":"product_tag","embeddable":true,"href":"https:\/\/tincotheek.nl\/de\/wp-json\/wp\/v2\/product_tag?post=5179"}],"curies":[{"name":"wp","href":"https:\/\/api.w.org\/{rel}","templated":true}]}}