{"id":5175,"date":"2023-09-15T12:57:14","date_gmt":"2023-09-15T10:57:14","guid":{"rendered":"https:\/\/tincotheek.nl\/?post_type=product&#038;p=5175"},"modified":"2026-03-03T10:35:57","modified_gmt":"2026-03-03T09:35:57","slug":"acht-krauter-formel-2","status":"publish","type":"product","link":"https:\/\/tincotheek.nl\/de\/product\/acht-krauter-formel-2\/","title":{"rendered":"Acht-Kr\u00e4uter-Formel (Zhi Bai Di Huang-Formel) *"},"content":{"rendered":"<p>&nbsp;<\/p>\n<p style=\"text-align: left;\"><em>Eine Kr\u00e4utertinktur, die das Yin st\u00e4rkt, die Essenz von Leber und Nieren n\u00e4hrt und das Leere Feuer reduziert.<\/em><\/p>\n<p style=\"text-align: left;\"><strong>Pflanzliche Zusammensetzung: <\/strong>Zhi Mu, Huang Bai, Shu di Huang, Shan Zhu Yu, Shan Yao, Fu Ling, Mu Dan Pi, Ze Xie<\/p>","protected":false},"excerpt":{"rendered":"<p style=\"text-align: left;\"><em>Eine Kr\u00e4utertinktur, die das Yin st\u00e4rkt, die Essenz von Leber und Nieren n\u00e4hrt und das Leere Feuer reduziert.<\/em><\/p>","protected":false},"featured_media":6490,"template":"","meta":{"_acf_changed":false},"product_brand":[],"product_cat":[132],"product_tag":[],"class_list":{"0":"post-5175","1":"product","2":"type-product","3":"status-publish","4":"has-post-thumbnail","6":"product_cat-voor-dieren","8":"first","9":"instock","10":"taxable","11":"shipping-taxable","12":"purchasable","13":"product-type-simple"},"acf":[],"_links":{"self":[{"href":"https:\/\/tincotheek.nl\/de\/wp-json\/wp\/v2\/product\/5175","targetHints":{"allow":["GET"]}}],"collection":[{"href":"https:\/\/tincotheek.nl\/de\/wp-json\/wp\/v2\/product"}],"about":[{"href":"https:\/\/tincotheek.nl\/de\/wp-json\/wp\/v2\/types\/product"}],"wp:featuredmedia":[{"embeddable":true,"href":"https:\/\/tincotheek.nl\/de\/wp-json\/wp\/v2\/media\/6490"}],"wp:attachment":[{"href":"https:\/\/tincotheek.nl\/de\/wp-json\/wp\/v2\/media?parent=5175"}],"wp:term":[{"taxonomy":"product_brand","embeddable":true,"href":"https:\/\/tincotheek.nl\/de\/wp-json\/wp\/v2\/product_brand?post=5175"},{"taxonomy":"product_cat","embeddable":true,"href":"https:\/\/tincotheek.nl\/de\/wp-json\/wp\/v2\/product_cat?post=5175"},{"taxonomy":"product_tag","embeddable":true,"href":"https:\/\/tincotheek.nl\/de\/wp-json\/wp\/v2\/product_tag?post=5175"}],"curies":[{"name":"wp","href":"https:\/\/api.w.org\/{rel}","templated":true}]}}