{"id":5173,"date":"2023-09-15T12:49:41","date_gmt":"2023-09-15T10:49:41","guid":{"rendered":"https:\/\/tincotheek.nl\/?post_type=product&#038;p=5173"},"modified":"2026-03-03T10:37:50","modified_gmt":"2026-03-03T09:37:50","slug":"pollenformel-2-2","status":"publish","type":"product","link":"https:\/\/tincotheek.nl\/de\/product\/pollenformel-2-2\/","title":{"rendered":"Pollenformel *"},"content":{"rendered":"<p>&nbsp;<\/p>\n<p style=\"text-align: left;\"><em>Eine Kr\u00e4utertinktur, die die \u00e4u\u00dferen Einfl\u00fcsse befreit, Hitze kl\u00e4rt und Wind vertreibt.<\/em><\/p>\n<p style=\"text-align: left;\"><strong>Pflanzliche Zusammensetzung: <\/strong>Ju Hua, Long Dan Cao, Mu Dan Pi, Bai Zhi, Gao Ben, Jing Jie, Fang Feng, Bo He, Bai Zhu, Gan Cao<\/p>\n<p>&nbsp;<\/p>\n<ul>\n<li><\/li>\n<\/ul>\n<p>&nbsp;<\/p>\n<p>&nbsp;<\/p>\n<p>&nbsp;<\/p>\n<p>&nbsp;<\/p>\n<ul>\n<li style=\"text-align: left;\"><\/li>\n<\/ul>","protected":false},"excerpt":{"rendered":"<p style=\"text-align: left;\"><em>Eine Kr\u00e4utertinktur, die die \u00e4u\u00dferen Einfl\u00fcsse befreit, Hitze kl\u00e4rt und Wind vertreibt.<\/em><\/p>","protected":false},"featured_media":6492,"template":"","meta":{"_acf_changed":false},"product_brand":[],"product_cat":[132],"product_tag":[],"class_list":{"0":"post-5173","1":"product","2":"type-product","3":"status-publish","4":"has-post-thumbnail","6":"product_cat-voor-dieren","8":"first","9":"instock","10":"taxable","11":"shipping-taxable","12":"purchasable","13":"product-type-simple"},"acf":[],"_links":{"self":[{"href":"https:\/\/tincotheek.nl\/de\/wp-json\/wp\/v2\/product\/5173","targetHints":{"allow":["GET"]}}],"collection":[{"href":"https:\/\/tincotheek.nl\/de\/wp-json\/wp\/v2\/product"}],"about":[{"href":"https:\/\/tincotheek.nl\/de\/wp-json\/wp\/v2\/types\/product"}],"wp:featuredmedia":[{"embeddable":true,"href":"https:\/\/tincotheek.nl\/de\/wp-json\/wp\/v2\/media\/6492"}],"wp:attachment":[{"href":"https:\/\/tincotheek.nl\/de\/wp-json\/wp\/v2\/media?parent=5173"}],"wp:term":[{"taxonomy":"product_brand","embeddable":true,"href":"https:\/\/tincotheek.nl\/de\/wp-json\/wp\/v2\/product_brand?post=5173"},{"taxonomy":"product_cat","embeddable":true,"href":"https:\/\/tincotheek.nl\/de\/wp-json\/wp\/v2\/product_cat?post=5173"},{"taxonomy":"product_tag","embeddable":true,"href":"https:\/\/tincotheek.nl\/de\/wp-json\/wp\/v2\/product_tag?post=5173"}],"curies":[{"name":"wp","href":"https:\/\/api.w.org\/{rel}","templated":true}]}}