{"id":3304,"date":"2020-03-19T20:35:05","date_gmt":"2020-03-19T19:35:05","guid":{"rendered":"https:\/\/www.tincotheek.nl\/?post_type=product&#038;p=3304"},"modified":"2026-03-03T10:54:56","modified_gmt":"2026-03-03T09:54:56","slug":"jade-siebformel","status":"publish","type":"product","link":"https:\/\/tincotheek.nl\/de\/product\/jade-siebformel\/","title":{"rendered":"Jade Screen Formula (Yu Ping Feng San Formula)"},"content":{"rendered":"<p>&nbsp;<\/p>\n<p style=\"text-align: left;\"><em>Eine Kr\u00e4utertinktur, die das Qi st\u00e4rkt, die \u00e4u\u00dferen Zust\u00e4nde stabilisiert und das Schwitzen stoppt.<\/em><\/p>\n<p style=\"text-align: left;\"><strong>Pflanzliche Zusammensetzung: <\/strong>Huang Qi, Bai Zhu, Fang Feng<\/p>\n<p style=\"text-align: left;\">Der Name Jade Screen spiegelt auch die Wirkung dieser Formel wider: \u201cEin starker Schutzschild f\u00fcr den K\u00f6rper gegen \u00e4u\u00dfere Einfl\u00fcsse\u201d.<\/p>","protected":false},"excerpt":{"rendered":"<p style=\"text-align: left;\">Eine Kr\u00e4utertinktur, die das Qi st\u00e4rkt, die \u00e4u\u00dferen Zust\u00e4nde stabilisiert und das Schwitzen stoppt.<\/p>\n<p style=\"text-align: left;\">Der Name Jade Screen spiegelt auch die Wirkung dieser Formel wider: \u201cEin starker Schutzschild f\u00fcr den K\u00f6rper gegen \u00e4u\u00dfere Einfl\u00fcsse\u201d.<\/p>\n<p style=\"text-align: left;\">","protected":false},"featured_media":5504,"template":"","meta":{"_acf_changed":false},"product_brand":[],"product_cat":[10],"product_tag":[],"class_list":{"0":"post-3304","1":"product","2":"type-product","3":"status-publish","4":"has-post-thumbnail","6":"product_cat-formula","8":"first","9":"instock","10":"taxable","11":"shipping-taxable","12":"purchasable","13":"product-type-simple"},"acf":[],"_links":{"self":[{"href":"https:\/\/tincotheek.nl\/de\/wp-json\/wp\/v2\/product\/3304","targetHints":{"allow":["GET"]}}],"collection":[{"href":"https:\/\/tincotheek.nl\/de\/wp-json\/wp\/v2\/product"}],"about":[{"href":"https:\/\/tincotheek.nl\/de\/wp-json\/wp\/v2\/types\/product"}],"wp:featuredmedia":[{"embeddable":true,"href":"https:\/\/tincotheek.nl\/de\/wp-json\/wp\/v2\/media\/5504"}],"wp:attachment":[{"href":"https:\/\/tincotheek.nl\/de\/wp-json\/wp\/v2\/media?parent=3304"}],"wp:term":[{"taxonomy":"product_brand","embeddable":true,"href":"https:\/\/tincotheek.nl\/de\/wp-json\/wp\/v2\/product_brand?post=3304"},{"taxonomy":"product_cat","embeddable":true,"href":"https:\/\/tincotheek.nl\/de\/wp-json\/wp\/v2\/product_cat?post=3304"},{"taxonomy":"product_tag","embeddable":true,"href":"https:\/\/tincotheek.nl\/de\/wp-json\/wp\/v2\/product_tag?post=3304"}],"curies":[{"name":"wp","href":"https:\/\/api.w.org\/{rel}","templated":true}]}}