{"id":297,"date":"2017-02-06T16:31:00","date_gmt":"2017-02-06T15:31:00","guid":{"rendered":"http:\/\/tincotheek.nl\/?post_type=product&#038;p=297"},"modified":"2026-03-06T20:36:53","modified_gmt":"2026-03-06T19:36:53","slug":"chai-hu","status":"publish","type":"product","link":"https:\/\/tincotheek.nl\/de\/product\/chai-hu\/","title":{"rendered":"Chai Hu"},"content":{"rendered":"<h4 style=\"text-align: left;\">Radix Bupleuri<\/h4>\n<p style=\"text-align: left;\"><em>Eine Kr\u00e4utertinktur, die die \u00e4u\u00dfere Ebene befreit.<\/em><\/p>\n<p>&nbsp;<\/p>\n<p>&nbsp;<\/p>\n<p>&nbsp;<\/p>\n<p>&nbsp;<\/p>\n<p>&nbsp;<\/p>","protected":false},"excerpt":{"rendered":"<p style=\"text-align: left;\"><em>Eine Kr\u00e4utertinktur, die die \u00e4u\u00dfere Ebene befreit.<\/em><\/p>","protected":false},"featured_media":5483,"template":"","meta":{"_acf_changed":false},"product_brand":[],"product_cat":[11],"product_tag":[],"class_list":{"0":"post-297","1":"product","2":"type-product","3":"status-publish","4":"has-post-thumbnail","6":"product_cat-enkelvoudig","8":"first","9":"instock","10":"taxable","11":"shipping-taxable","12":"purchasable","13":"product-type-simple"},"acf":[],"_links":{"self":[{"href":"https:\/\/tincotheek.nl\/de\/wp-json\/wp\/v2\/product\/297","targetHints":{"allow":["GET"]}}],"collection":[{"href":"https:\/\/tincotheek.nl\/de\/wp-json\/wp\/v2\/product"}],"about":[{"href":"https:\/\/tincotheek.nl\/de\/wp-json\/wp\/v2\/types\/product"}],"wp:featuredmedia":[{"embeddable":true,"href":"https:\/\/tincotheek.nl\/de\/wp-json\/wp\/v2\/media\/5483"}],"wp:attachment":[{"href":"https:\/\/tincotheek.nl\/de\/wp-json\/wp\/v2\/media?parent=297"}],"wp:term":[{"taxonomy":"product_brand","embeddable":true,"href":"https:\/\/tincotheek.nl\/de\/wp-json\/wp\/v2\/product_brand?post=297"},{"taxonomy":"product_cat","embeddable":true,"href":"https:\/\/tincotheek.nl\/de\/wp-json\/wp\/v2\/product_cat?post=297"},{"taxonomy":"product_tag","embeddable":true,"href":"https:\/\/tincotheek.nl\/de\/wp-json\/wp\/v2\/product_tag?post=297"}],"curies":[{"name":"wp","href":"https:\/\/api.w.org\/{rel}","templated":true}]}}